{"id":606,"date":"2018-10-04T18:00:11","date_gmt":"2018-10-04T18:00:11","guid":{"rendered":"https:\/\/acytal.com\/?page_id=606"},"modified":"2018-10-04T18:00:11","modified_gmt":"2018-10-04T18:00:11","slug":"aviso-legal","status":"publish","type":"page","link":"https:\/\/acytal.com\/index.php\/aviso-legal\/","title":{"rendered":"Aviso Legal"},"content":{"rendered":"<p>La <strong>Asociaci\u00f3n de Altas Capacidades y Talentos de Levante<\/strong> en adelante ACYTAL es titular del sitio web <strong>www.acytal.com\u00a0<\/strong><\/p>\n<p>ACYTAL, provisto con CIF G-42595389 y direcci\u00f3n en C\/Gregorio Mart\u00ednez, 7 &#8211; 4\u00ba Puerta 3 &#8211; Almorad\u00ed (Alicante), no puede asumir ninguna responsabilidad derivada del uso incorrecto, inapropiado o il\u00edcito de la informaci\u00f3n aparecida en la p\u00e1gina de Internet de <a href=\"http:\/\/www.acytal.com\">www.acytal.com<\/a><\/p>\n<p>Con los l\u00edmites establecidos en la ley, ACYTAL no asume ninguna responsabilidad derivada de la falta de veracidad, integridad, actualizaci\u00f3n y precisi\u00f3n de los datos o informaciones que se contienen en sus p\u00e1ginas de Internet.<\/p>\n<p>Los contenidos e informaci\u00f3n no vinculan a ACYTAL ni constituyen opiniones, consejos o asesoramiento legal de ning\u00fan tipo pues se trata meramente de un servicio ofrecido con car\u00e1cter informativo y divulgativo.<\/p>\n<p>La p\u00e1gina de Internet de ACYTAL puede contener enlaces (links) a otras p\u00e1ginas de terceras partes que ACYTAL no puede controlar. Por lo tanto, ACYTAL no puede asumir responsabilidades por el contenido que pueda aparecer en p\u00e1ginas de terceros.<\/p>\n<p>Los textos, im\u00e1genes, sonidos, animaciones, software y el resto de contenidos incluidos en este website son propiedad exclusiva de ACYTAL o sus licenciantes. Cualquier acto de transmisi\u00f3n, distribuci\u00f3n, cesi\u00f3n, reproducci\u00f3n, almacenamiento o comunicaci\u00f3n p\u00fablica total o parcial, debe contar con el consentimiento expreso de ACYTAL o sus licenciantes.<\/p>\n<p>Asimismo, para acceder a algunos de los servicios que ACYTAL ofrece a trav\u00e9s del website deber\u00e1 proporcionar algunos datos de car\u00e1cter personal. En cumplimiento de lo establecido en el Reglamento (UE) 2016\/679 del Parlamento Europeo y del Consejo, de 27 de abril de 2016, relativo a la protecci\u00f3n de las personas f\u00edsicas en lo que respecta al tratamiento de datos personales y a la libre circulaci\u00f3n de estos datos le informamos que, mediante la cumplimentaci\u00f3n de los presentes formularios, sus datos personales quedar\u00e1n incorporados y ser\u00e1n tratados en los ficheros de ACYTAL con el fin de poderle prestar y ofrecer nuestros servicios as\u00ed como para informarle de las mejoras del sitio Web. Asimismo, le informamos de la posibilidad de que ejerza los derechos de acceso, rectificaci\u00f3n, cancelaci\u00f3n y oposici\u00f3n de sus datos de car\u00e1cter personal, manera gratuita mediante email a <a href=\"mailto:info@acytal.com\">info@acytal.com<\/a> o en la direcci\u00f3n C\/Gregorio Mart\u00ednez, 7 &#8211; 4\u00ba Puerta 3 &#8211; Almorad\u00ed (Alicante) 03160<\/p>\n","protected":false},"excerpt":{"rendered":"<p>La Asociaci\u00f3n de Altas Capacidades y Talentos de Levante en adelante ACYTAL es titular del sitio web www.acytal.com\u00a0 ACYTAL, provisto con CIF G-42595389 y direcci\u00f3n en C\/Gregorio Mart\u00ednez, 7 &#8211; 4\u00ba Puerta 3 &#8211; Almorad\u00ed (Alicante), no puede asumir ninguna<\/p>\n","protected":false},"author":1,"featured_media":0,"parent":0,"menu_order":0,"comment_status":"closed","ping_status":"closed","template":"","meta":{"footnotes":""},"class_list":["post-606","page","type-page","status-publish","hentry"],"_links":{"self":[{"href":"https:\/\/acytal.com\/index.php\/wp-json\/wp\/v2\/pages\/606","targetHints":{"allow":["GET"]}}],"collection":[{"href":"https:\/\/acytal.com\/index.php\/wp-json\/wp\/v2\/pages"}],"about":[{"href":"https:\/\/acytal.com\/index.php\/wp-json\/wp\/v2\/types\/page"}],"author":[{"embeddable":true,"href":"https:\/\/acytal.com\/index.php\/wp-json\/wp\/v2\/users\/1"}],"replies":[{"embeddable":true,"href":"https:\/\/acytal.com\/index.php\/wp-json\/wp\/v2\/comments?post=606"}],"version-history":[{"count":0,"href":"https:\/\/acytal.com\/index.php\/wp-json\/wp\/v2\/pages\/606\/revisions"}],"wp:attachment":[{"href":"https:\/\/acytal.com\/index.php\/wp-json\/wp\/v2\/media?parent=606"}],"curies":[{"name":"wp","href":"https:\/\/api.w.org\/{rel}","templated":true}]}}