{"id":322,"date":"2018-09-28T23:01:49","date_gmt":"2018-09-28T23:01:49","guid":{"rendered":"https:\/\/acytal.com\/?page_id=322"},"modified":"2018-10-04T15:41:31","modified_gmt":"2018-10-04T15:41:31","slug":"politica-de-privacidad","status":"publish","type":"page","link":"https:\/\/acytal.com\/index.php\/politica-de-privacidad\/","title":{"rendered":"Pol\u00edtica de privacidad"},"content":{"rendered":"<p>La Asociaci\u00f3n de Altas Capacidades y Talentos de Levante en adelante\u00a0<strong>ACYTAL<\/strong>\u00a0es titular del sitio web www.acytal.com En esta secci\u00f3n se expone la Pol\u00edtica de Privacidad corporativa de ACYTAL, sobre la informaci\u00f3n de car\u00e1cter personal que el usuario puede facilitar cuando visite nuestra p\u00e1gina web.<\/p>\n<p>La Pol\u00edtica de Privacidad de ACYTAL est\u00e1 presidida por el cumplimiento de la legislaci\u00f3n vigente en materia de protecci\u00f3n de datos de car\u00e1cter personal:\u00a0<strong>REGLAMENTO (UE) 2016\/679 DEL PARLAMENTO EUROPEO Y DEL CONSEJO de 27 de abril de\u00a02016<\/strong>\u00a0(en adelante, RGPD), y por la Ley 34\/2002, de 11 de julio, de Servicios de la Sociedad de la Informaci\u00f3n y Comercio Electr\u00f3nico (LSSI-CE).<\/p>\n<p>En ACYTAL, atendiendo al principio de responsabilidad activa, tenemos el compromiso de velar por la privacidad de los datos personales obtenidos a trav\u00e9s de nuestro portal corporativo, garantizando y protegiendo los datos de los usuarios web de la misma forma que la informaci\u00f3n obtenida por cualquier otro medio.<\/p>\n<p>ACYTAL, en su condici\u00f3n de responsable del tratamiento, te informa que, aunque el hecho de visitar la presente web no implica proporcionar ning\u00fan tipo de dato personal, se establece la presente pol\u00edtica de privacidad para que el usuario pueda determinar libre y voluntariamente la posibilidad de proporcionarlos.<br \/>\nACYTAL, solicitar\u00e1, con car\u00e1cter previo a la aportaci\u00f3n de tus datos de car\u00e1cter personal, la marcaci\u00f3n de la casilla correspondiente de lectura y aceptaci\u00f3n de la presente Pol\u00edtica de Privacidad.<\/p>\n<h4><strong>1.- \u00bfQui\u00e9n es el responsable del tratamiento de sus datos?<\/strong><\/h4>\n<ul>\n<li>Raz\u00f3n Social: Asociaci\u00f3n de Altas Capacidades y Talentos de Levante<\/li>\n<li>C.I.F. n\u00famero: G-42595389<\/li>\n<li>Direcci\u00f3n Sede: C\/Gregorio Mart\u00ednez, 7 &#8211; 4\u00ba Puerta 3 &#8211; Almorad\u00ed (Alicante) 03160<\/li>\n<li>Tel\u00e9fono: 698 867 481<\/li>\n<li>Correo electr\u00f3nico protecci\u00f3n de datos: <a href=\"mailto:info@acytal.com\">info@acytal.com<\/a><\/li>\n<\/ul>\n<h4><strong>2.- Delegado de Protecci\u00f3n de Datos (DPO) de ACYTAL<\/strong><\/h4>\n<p>En ACYTAL no existe la obligaci\u00f3n de designar a la figura del\u00a0<strong>Delegado de Protecci\u00f3n de Datos o DPO<\/strong>(\u201cData Protecci\u00f3n Office\u201d). El responsable que vela por el cumplimiento diligente de la normativa de protecci\u00f3n de datos es ACYTAL.<\/p>\n<p>Para obtener informaci\u00f3n adicional, o para cualquier otra cuesti\u00f3n relativa a la presente Pol\u00edtica de Privacidad con relaci\u00f3n al tratamiento de tus datos, no dudes en ponerte en contacto con nosotros, a trav\u00e9s de la siguiente direcci\u00f3n de correo electr\u00f3nico: <a href=\"mailto:info@acytal.com\">info@acytal.com<\/a>,o por correo postal en la direcci\u00f3n de la sede de ACYTAL<\/p>\n<h4><strong>3.- \u00bfCon qu\u00e9 finalidad tratamos tus datos?<\/strong><\/h4>\n<p>\u00danicamente solicitamos tus datos personales cuando rellenes los distintos formularios de la p\u00e1gina web:<\/p>\n<ul>\n<li>Suscribirse a la newsletter<\/li>\n<li>Formulario de contacto<\/li>\n<li>Ficha de Asociad@<\/li>\n<\/ul>\n<p>Con car\u00e1cter general, te informamos que tus datos son objeto de tratamientos en ACYTAL, atendiendo al formulario utilizado, con la finalidad de gestionar tu relaci\u00f3n como colaborador, socio o interesado de la asociaci\u00f3n, atender y contestar a tu solicitud de informaci\u00f3n o contacto, y en todos los supuestos, para mantenerte informado de nuestras actividades.<\/p>\n<p>Adem\u00e1s, te informamos que en estos tratamientos referenciados no llevamos a cabo decisiones exclusivamente automatizadas que puedan afectarte en modo alguno, ni existen fines ulteriores a los que puedan destinarse tus datos,<\/p>\n<h4><strong>4.- \u00bfCu\u00e1l es el origen de tus datos?<\/strong><\/h4>\n<p>Como regla general, los datos tratados en ACYTAL han sido facilitados por el propio interesado.<\/p>\n<h4><strong>5.- \u00bfCu\u00e1l es la base legal del tratamiento de tus datos?<\/strong><\/h4>\n<p>La base legal del tratamiento se ampara en la relaci\u00f3n colaborativa y en el inter\u00e9s mostrado o consentimiento al contactar con ACYTAL.<\/p>\n<p>La base legal para remitir comunicaciones sobre acciones o proyectos de colaboraci\u00f3n que requieren tu ayuda se ampara en el inter\u00e9s leg\u00edtimo de la organizaci\u00f3n y sus fines estatutarios.<\/p>\n<p>El inter\u00e9s leg\u00edtimo constituye una base legitimadora del tratamiento, siempre que dicho inter\u00e9s en tratar los datos para la finalidad indicada se encuentre dentro de tus expectativas razonables basadas en la relaci\u00f3n que tienes con ACYTAL<\/p>\n<p>Por tanto, debes ser consciente que las comunicaciones para incentivar la colaboraci\u00f3n se amparan en el inter\u00e9s leg\u00edtimo de la organizaci\u00f3n. No obstante, puedes oponerte en cualquier momento a recibir este tipo de informaci\u00f3n, remitiendo un correo electr\u00f3nico a <a href=\"mailto:info@acytal.com\">info@acytal.com<\/a>, sin que esta oposici\u00f3n condicione, en forma alguna, tu relaci\u00f3n de colaboraci\u00f3n con ACYTAL.<\/p>\n<p>Adem\u00e1s, ACYTAL establece mecanismos mediante los cuales puedes desactivar de manera sencilla y gratuita los servicios de comunicaciones electr\u00f3nicas, siguiendo las instrucciones que se indican en los correos electr\u00f3nicos.<\/p>\n<h4><strong>6.- \u00bfQu\u00e9 datos podemos tratar?<\/strong><\/h4>\n<p>Los tipos de datos personales que utilizamos en estos tratamientos son los proporcionados por el colaborador o interesado en los diferentes formularios web y los generados posteriormente durante tu relaci\u00f3n con ACYTAL.<\/p>\n<p>En este sentido, es necesario diferenciar los diferentes tipos de colaboradores e interesados de ACYTAL:<\/p>\n<ul>\n<li>Para los solicitantes de newsletter, recabamos los siguientes datos identificativos: Nombre. apellidos, email y c\u00f3digo postal<\/li>\n<li>Para los interesados que cumplimentan el formulario de contacto, recabamos los siguientes datos identificativos: Nombre, apellidos, email y mensaje.<\/li>\n<li>Para los Socios o socias, Nombre y Apellidos, DNI, Mail, tel\u00e9fono m\u00f3vil, y direcci\u00f3n postal. Adem\u00e1s de N\u00famero de cuenta bancaria para el pago de la cuota anual de socios y socias y certificado de domiciliaci\u00f3n CORE.<\/li>\n<li>Para los miembros familiares, la cuota anual es familiar. Nombre y apellidos, mail, y tel\u00e9fono m\u00f3vil. Para menores de 14 a\u00f1os, necesitaremos la autorizaci\u00f3n de sus padres o tutores legales.<\/li>\n<\/ul>\n<p>ACYTAL proh\u00edbe expresamente que aquellos menores que no tengan la edad m\u00ednima prevista legalmente en la normativa vigente para poder consentir el tratamiento de sus datos personales por s\u00ed mismos, faciliten los mismos a la organizaci\u00f3n sin el consentimiento previo de sus padres, tutores o representantes legales.<\/p>\n<h4><strong>7.- \u00bfCu\u00e1l es el plazo de conservaci\u00f3n de tus datos?<\/strong><\/h4>\n<p>En cumplimiento del principio de limitaci\u00f3n del plazo de conservaci\u00f3n, los datos recabados por ACYTAL son tratados durante el tiempo necesario y para las finalidades concretas para las que se hayan recogido.<\/p>\n<p>Por todo lo anterior y en t\u00e9rminos gen\u00e9ricos, ACYTAL conservar\u00e1 tus datos mientras dure la relaci\u00f3n de socio o socia con la organizaci\u00f3n, y con posterioridad al efecto de cumplir las obligaciones legales y las responsabilidades derivadas de dichos tratamientos en funci\u00f3n de la normativa aplicable. Finalizados dichos plazos de prescripci\u00f3n, tus datos ser\u00e1n eliminados, para eliminar de forma definitiva los datos, se deber\u00e1 comunicar de forma escrita a <a href=\"mailto:info@acytal.com\">info@acytal.com<\/a>.<\/p>\n<p>Por otra parte, respecto al tratamiento de tus datos con fines promocionales, conservaremos los datos hasta no recibir oposici\u00f3n en contra.<\/p>\n<h4><strong>8.- Destinatarios de los datos<\/strong><\/h4>\n<p>El tratamiento de tus datos NO ser\u00e1 compartido con ninguna entidad, empresa o persona.<\/p>\n<p>En este sentido, como ejemplo de cesi\u00f3n obligatoria por Ley para el supuesto de socios y donantes, se identifica la comunicaci\u00f3n a las Administraciones P\u00fablicas competentes en cumplimiento de la normativa fiscal y tributaria (Mod. 182 Declaraci\u00f3n Informativa de donaciones, aportaciones recibidas a Hacienda P\u00fablica).<\/p>\n<h4><strong>9.- Transferencias internacionales de datos<\/strong><\/h4>\n<p>En ning\u00fan caso se realizar\u00e1n transferencias internacionales de datos supongan un flujo de datos personales desde el territorio espa\u00f1ol a destinatarios establecidos en pa\u00edses fuera del Espacio Econ\u00f3mico Europeo (los pa\u00edses de la Uni\u00f3n Europea m\u00e1s Liechtenstein, Islandia y Noruega), todos dentro del \u00e1mbito de aplicaci\u00f3n del RGPD.<\/p>\n<h4><strong>10.- Seguridad y confidencialidad en el tratamiento de tus datos<\/strong><\/h4>\n<p>En ACYTAL existe el compromiso de garantizar la seguridad y la confidencialidad en el tratamiento de tus datos, implantando las medidas t\u00e9cnicas y organizativas adecuadas atendiendo al nivel de riesgo que de dichos tratamientos se pueden derivar para los derechos y libertades de las personas cuyos datos se tratan.<\/p>\n<p>A la implantaci\u00f3n de las medidas de seguridad necesarias se a\u00f1ade un posterior proceso de verificaci\u00f3n, evaluaci\u00f3n y valoraci\u00f3n regulares de la eficacia de dichas medidas (mejora continua para garantizar un tratamiento seguro de los datos).<\/p>\n<p>La m\u00e1xima confidencialidad en el tratamiento de los datos personales se considera una obligaci\u00f3n ineludible por el personal de ACYTAL, comprometi\u00e9ndonos a guardar secreto en cualquier fase de su tratamiento, de acuerdo con lo establecido en la legislaci\u00f3n aplicable.<\/p>\n<h4><strong>11.- \u00bfCu\u00e1les son tus derechos en relaci\u00f3n con el tratamiento de los datos?<\/strong><\/h4>\n<p>A continuaci\u00f3n, te identificamos tus derechos referentes a los datos personales: informaci\u00f3n, acceso, rectificaci\u00f3n y supresi\u00f3n, limitaci\u00f3n del tratamiento, oposici\u00f3n y portabilidad.<\/p>\n<p>Existe el derecho a no ser objeto de decisiones individualizadas (incluida la elaboraci\u00f3n de perfiles), pero no aplica en ACYTAL.<\/p>\n<p>\u00bfC\u00f3mo puedes ejercitar cualquiera de los anteriores derechos que te asisten?<\/p>\n<p>Para ejercer cualquiera de estos derechos puedes dirigirte a ACYTAL en la direcci\u00f3n de Sede C\/Gregorio Mart\u00ednez, 7- 4\u00ba Puerta 3 de Almorad\u00ed (Alicante), o a trav\u00e9s de la siguiente direcci\u00f3n de correo electr\u00f3nico: <a href=\"mailto:info@acytal.com\">info@acytal.com<\/a>. En ambos casos deber\u00e1s acreditar tu identidad acompa\u00f1ando fotocopia de su DNI\/NIE para poder verificar que solo contestamos al propio interesado. Asimismo, te informamos de que tienes derecho a presentar una reclamaci\u00f3n ante la autoridad de control competente (Agencia Espa\u00f1ola de Protecci\u00f3n de Datos), si consideras que se ha producido alg\u00fan tipo de vulneraci\u00f3n en relaci\u00f3n con el tratamiento de tus datos personales.<\/p>\n<h4><strong>12.- Tu colaboraci\u00f3n es importante<\/strong><\/h4>\n<p>En ACYTAL procuramos controlar continuamente, dentro de nuestras posibilidades, el uso correcto de los datos personales de los que somos responsables, por nuestra parte. Por tal motivo te solicitamos que, en caso de que tenga conocimiento o sospecha sobre que nosotros mismos, estamos haciendo un uso indebido de tu informaci\u00f3n personal, nos lo notifiques sin dilaci\u00f3n para poder adoptar las acciones pertinentes que proceda llevar a cabo.<\/p>\n<p>Consideramos que todos los datos facilitados son ciertos y ver\u00eddicos, y el interesado queda informado de la obligaci\u00f3n de comunicar a ACYTAL cualquier modificaci\u00f3n de los mismos que pudiera producirse para mantener tus datos permanentemente actualizados, a trav\u00e9s de la siguiente direcci\u00f3n de correo electr\u00f3nico: <a href=\"mailto:info@acytal.com\">info@acytal.com<\/a>.<\/p>\n<h4><strong>13.- Modificaci\u00f3n de la Pol\u00edtica de Privacidad<\/strong><\/h4>\n<p>ACYTAL se reserva el derecho a modificar su Pol\u00edtica de Privacidad, de acuerdo a su propio criterio, o motivado por un cambio doctrinal del Comit\u00e9 Europeo de Protecci\u00f3n de Datos (CEPD) o de la autoridad de control nacional (Agencia Espa\u00f1ola de Protecci\u00f3n de Datos), legislativo o jurisprudencial. Cualquier modificaci\u00f3n de la Pol\u00edtica de Privacidad ser\u00e1 comunicada por otros medios, como el env\u00edo de correos electr\u00f3nicos corporativos a los usuarios y la publicaci\u00f3n de un aviso en nuestra p\u00e1gina de inicio.<\/p>\n<p>Junta Directiva Asociaci\u00f3n de Altas Capacidades y Talentos de Levante<\/p>\n<p>&nbsp;<\/p>\n","protected":false},"excerpt":{"rendered":"<p>La Asociaci\u00f3n de Altas Capacidades y Talentos de Levante en adelante\u00a0ACYTAL\u00a0es titular del sitio web www.acytal.com En esta secci\u00f3n se expone la Pol\u00edtica de Privacidad corporativa de ACYTAL, sobre la informaci\u00f3n de car\u00e1cter personal que el usuario puede facilitar cuando<\/p>\n","protected":false},"author":1,"featured_media":0,"parent":0,"menu_order":0,"comment_status":"closed","ping_status":"closed","template":"","meta":{"footnotes":""},"class_list":["post-322","page","type-page","status-publish","hentry"],"_links":{"self":[{"href":"https:\/\/acytal.com\/index.php\/wp-json\/wp\/v2\/pages\/322","targetHints":{"allow":["GET"]}}],"collection":[{"href":"https:\/\/acytal.com\/index.php\/wp-json\/wp\/v2\/pages"}],"about":[{"href":"https:\/\/acytal.com\/index.php\/wp-json\/wp\/v2\/types\/page"}],"author":[{"embeddable":true,"href":"https:\/\/acytal.com\/index.php\/wp-json\/wp\/v2\/users\/1"}],"replies":[{"embeddable":true,"href":"https:\/\/acytal.com\/index.php\/wp-json\/wp\/v2\/comments?post=322"}],"version-history":[{"count":0,"href":"https:\/\/acytal.com\/index.php\/wp-json\/wp\/v2\/pages\/322\/revisions"}],"wp:attachment":[{"href":"https:\/\/acytal.com\/index.php\/wp-json\/wp\/v2\/media?parent=322"}],"curies":[{"name":"wp","href":"https:\/\/api.w.org\/{rel}","templated":true}]}}