{"id":309,"date":"2018-09-28T22:48:14","date_gmt":"2018-09-28T22:48:14","guid":{"rendered":"https:\/\/acytal.com\/?page_id=309"},"modified":"2018-10-04T11:09:44","modified_gmt":"2018-10-04T11:09:44","slug":"preguntas-frecuentes","status":"publish","type":"page","link":"https:\/\/acytal.com\/index.php\/preguntas-frecuentes\/","title":{"rendered":"Preguntas frecuentes"},"content":{"rendered":"<div id=\"pl-309\"  class=\"panel-layout\" ><div id=\"pg-309-0\"  class=\"panel-grid panel-no-style\" ><div id=\"pgc-309-0-0\"  class=\"panel-grid-cell\" ><div id=\"panel-309-0-0-0\" class=\"so-panel widget widget_sow-editor panel-first-child panel-last-child\" data-index=\"0\" ><div\n\t\t\t\n\t\t\tclass=\"so-widget-sow-editor so-widget-sow-editor-base\"\n\t\t\t\n\t\t>\n<div class=\"siteorigin-widget-tinymce textwidget\">\n\t<p><strong>\u00bfPor qu\u00e9 asociarse?<\/strong><\/p>\n<p>Entrar a formar parte de ACYTAL es una forma de defender tus propios intereses, ya que siempre es m\u00e1s f\u00e1cil hacerlo de manera colectiva.<\/p>\n<p>Pensamos que para conseguir\u00a0nuestros objetivos es importante contar contigo y con tu apoyo, si es que te sientes identificado con ellos.<\/p>\n<p><strong>Preguntas frecuentes sobre altas capacidades:<\/strong><\/p>\n<p>Enlace a una entrada del interesante\u00a0blog <strong>Incansable aspersor:\u00a0<\/strong><\/p>\n<ul>\n<li><a href=\"https:\/\/incansableaspersor.wordpress.com\/2017\/07\/03\/faqs-altas-capacidades\/\" target=\"_blank\" rel=\"noopener\">Preguntas frecuentes sobre altas capacidades<\/a><\/li>\n<\/ul>\n<\/div>\n<\/div><\/div><\/div><\/div><\/div>","protected":false},"excerpt":{"rendered":"<p>\u00bfPor qu\u00e9 asociarse? Entrar a formar parte de ACYTAL es una forma de defender tus propios intereses, ya que siempre es m\u00e1s f\u00e1cil hacerlo de manera colectiva. Pensamos que para conseguir\u00a0nuestros objetivos es importante contar contigo y con tu apoyo,<\/p>\n","protected":false},"author":1,"featured_media":0,"parent":0,"menu_order":0,"comment_status":"closed","ping_status":"closed","template":"","meta":{"footnotes":""},"class_list":["post-309","page","type-page","status-publish","hentry"],"_links":{"self":[{"href":"https:\/\/acytal.com\/index.php\/wp-json\/wp\/v2\/pages\/309","targetHints":{"allow":["GET"]}}],"collection":[{"href":"https:\/\/acytal.com\/index.php\/wp-json\/wp\/v2\/pages"}],"about":[{"href":"https:\/\/acytal.com\/index.php\/wp-json\/wp\/v2\/types\/page"}],"author":[{"embeddable":true,"href":"https:\/\/acytal.com\/index.php\/wp-json\/wp\/v2\/users\/1"}],"replies":[{"embeddable":true,"href":"https:\/\/acytal.com\/index.php\/wp-json\/wp\/v2\/comments?post=309"}],"version-history":[{"count":0,"href":"https:\/\/acytal.com\/index.php\/wp-json\/wp\/v2\/pages\/309\/revisions"}],"wp:attachment":[{"href":"https:\/\/acytal.com\/index.php\/wp-json\/wp\/v2\/media?parent=309"}],"curies":[{"name":"wp","href":"https:\/\/api.w.org\/{rel}","templated":true}]}}