{"id":128,"date":"2014-05-31T17:26:27","date_gmt":"2014-05-31T17:26:27","guid":{"rendered":"http:\/\/demo.themegrill.com\/accelerate\/?page_id=128"},"modified":"2018-10-04T20:52:34","modified_gmt":"2018-10-04T20:52:34","slug":"acytal","status":"publish","type":"page","link":"https:\/\/acytal.com\/index.php\/acytal\/","title":{"rendered":"ACYTAL Levante"},"content":{"rendered":"<div id=\"pl-128\"  class=\"panel-layout\" ><div id=\"pg-128-0\"  class=\"panel-grid panel-no-style\" ><div id=\"pgc-128-0-0\"  class=\"panel-grid-cell\" ><div id=\"panel-128-0-0-0\" class=\"so-panel widget widget_sow-editor panel-first-child\" data-index=\"0\" ><div\n\t\t\t\n\t\t\tclass=\"so-widget-sow-editor so-widget-sow-editor-base\"\n\t\t\t\n\t\t>\n<div class=\"siteorigin-widget-tinymce textwidget\">\n\t<p>Dentro de poco, podremos ver c\u00f3mo nuestro \u00e1rbol empieza a dar sus frutos. Nos hemos unido para dar visibilidad a las AaCc y poder ayudar a nuestros ni\u00f1os el su proceso de aprendizaje tan peculiar. Al mismo tiempo,dando apoyo a las familias y por supuesto, reclamar derechos para ellos<\/p>\n<\/div>\n<\/div><\/div><div id=\"panel-128-0-0-1\" class=\"so-panel widget widget_accelerate_image_service_widget widget_image_service_block panel-last-child\" data-index=\"1\" >\t\t\t\t\t<div class=\"tg-one-third\">\r\n\t\t\t\t\t\t\t\t\t<a title=\"Quienes somos\" href=\"https:\/\/acytal.com\/index.php\/quienes-somos\/\"><div class=\"service-image\"><img loading=\"lazy\" decoding=\"async\" width=\"125\" height=\"95\" src=\"https:\/\/acytal.com\/wp-content\/uploads\/2018\/09\/logo-125x95.png\" class=\"attachment-featured-service size-featured-service wp-post-image\" alt=\"Quienes somos\" \/><\/div>\t\t\t\t\t<\/a>\r\n\t\t\t\t\t\t\t\t\t<h2 class=\"entry-title\"><a title=\"Quienes somos\" href=\"https:\/\/acytal.com\/index.php\/quienes-somos\/\">Quienes somos<\/a><\/h2>\r\n\t\t\t\t<p>Nuestra Visi\u00f3n Acytal Levante pretende lograr la comprensi\u00f3n integral del fen\u00f3meno de las altas capacidades informando, formando y orientando no solo a los familias de los ni\u00f1os implicados sino a la sociedad en general, naturalizando el valor de la diversidad<\/p>\n\r\n\t\t\t\t\r\n\t\t\t<\/div>\r\n\t\t\t\t\t\t\t\t<div class=\"tg-one-third\">\r\n\t\t\t\t\t\t\t\t\t<a title=\"Union AACC\" href=\"https:\/\/acytal.com\/index.php\/union-aacc\/\"><div class=\"service-image\"><img loading=\"lazy\" decoding=\"async\" width=\"150\" height=\"105\" src=\"https:\/\/acytal.com\/wp-content\/uploads\/2018\/09\/logo-union-150x150-e1538218598167.jpg\" class=\"attachment-featured-service size-featured-service wp-post-image\" alt=\"Union AACC\" \/><\/div>\t\t\t\t\t<\/a>\r\n\t\t\t\t\t\t\t\t\t<h2 class=\"entry-title\"><a title=\"Union AACC\" href=\"https:\/\/acytal.com\/index.php\/union-aacc\/\">Union AACC<\/a><\/h2>\r\n\t\t\t\t<p>Acytal Levante desde sus inicios est\u00e1 integrada en la\u00a0Federaci\u00f3n Uni\u00f3n AACC que\u00a0es la uni\u00f3n de distintas Asociaciones de Altas Capacidades de Espa\u00f1a con un objetivo com\u00fan: Lograr el cambio educativo desde la equidad. Para ello trabajaremos de forma conjunta y<\/p>\n\r\n\t\t\t\t\r\n\t\t\t<\/div>\r\n\t\t\t\t\t\t\t\t<div class=\"tg-one-third tg-one-third-last\">\r\n\t\t\t\t\t\t\t\t\t<a title=\"Hazte socio\" href=\"https:\/\/acytal.com\/index.php\/hazte-socio\/\"><div class=\"service-image\"><img loading=\"lazy\" decoding=\"async\" width=\"250\" height=\"138\" src=\"https:\/\/acytal.com\/wp-content\/uploads\/2018\/09\/reunion250px.png\" class=\"attachment-featured-service size-featured-service wp-post-image\" alt=\"Hazte socio\" \/><\/div>\t\t\t\t\t<\/a>\r\n\t\t\t\t\t\t\t\t\t<h2 class=\"entry-title\"><a title=\"Hazte socio\" href=\"https:\/\/acytal.com\/index.php\/hazte-socio\/\">Hazte socio<\/a><\/h2>\r\n\t\t\t\t<p>\u00bfPor qu\u00e9 asociarse? Entrar a formar parte de ACYTAL es una forma de defender tus propios intereses, ya que siempre es m\u00e1s f\u00e1cil hacerlo de manera colectiva. Pensamos que para conseguir\u00a0nuestros objetivos es importante contar contigo y con tu apoyo,<\/p>\n\r\n\t\t\t\t\r\n\t\t\t<\/div>\r\n\t\t\t\t\t\t\t<\/div><\/div><\/div><\/div>","protected":false},"excerpt":{"rendered":"<p>Dentro de poco, podremos ver c\u00f3mo nuestro \u00e1rbol empieza a dar sus frutos. Nos hemos unido para dar visibilidad a las AaCc y poder ayudar a nuestros ni\u00f1os el su proceso de aprendizaje tan peculiar. Al mismo tiempo,dando apoyo a<\/p>\n","protected":false},"author":1,"featured_media":282,"parent":0,"menu_order":0,"comment_status":"closed","ping_status":"closed","template":"","meta":{"footnotes":""},"class_list":["post-128","page","type-page","status-publish","has-post-thumbnail","hentry"],"_links":{"self":[{"href":"https:\/\/acytal.com\/index.php\/wp-json\/wp\/v2\/pages\/128","targetHints":{"allow":["GET"]}}],"collection":[{"href":"https:\/\/acytal.com\/index.php\/wp-json\/wp\/v2\/pages"}],"about":[{"href":"https:\/\/acytal.com\/index.php\/wp-json\/wp\/v2\/types\/page"}],"author":[{"embeddable":true,"href":"https:\/\/acytal.com\/index.php\/wp-json\/wp\/v2\/users\/1"}],"replies":[{"embeddable":true,"href":"https:\/\/acytal.com\/index.php\/wp-json\/wp\/v2\/comments?post=128"}],"version-history":[{"count":1,"href":"https:\/\/acytal.com\/index.php\/wp-json\/wp\/v2\/pages\/128\/revisions"}],"predecessor-version":[{"id":839,"href":"https:\/\/acytal.com\/index.php\/wp-json\/wp\/v2\/pages\/128\/revisions\/839"}],"wp:featuredmedia":[{"embeddable":true,"href":"https:\/\/acytal.com\/index.php\/wp-json\/wp\/v2\/media\/282"}],"wp:attachment":[{"href":"https:\/\/acytal.com\/index.php\/wp-json\/wp\/v2\/media?parent=128"}],"curies":[{"name":"wp","href":"https:\/\/api.w.org\/{rel}","templated":true}]}}